{"id":50,"date":"2025-04-05T19:16:02","date_gmt":"2025-04-05T19:16:02","guid":{"rendered":"https:\/\/gigabit.ba\/?page_id=50"},"modified":"2025-04-05T19:21:29","modified_gmt":"2025-04-05T19:21:29","slug":"broadband","status":"publish","type":"page","link":"https:\/\/gigabit.ba\/?page_id=50","title":{"rendered":"SURF 25"},"content":{"rendered":"<p><strong>U ovomo popularnom paketu za cijenu 25 KM dobijete brzinu od 25 Mb\/s download i 3Mb\/s upload.<\/strong><\/p>\n<p><strong>Ovaj paket naj\u010de\u0161\u0107e se koristi za ku\u0107ne korisike bez IPTV program, za gledanje YouTube videa, pozive i \u010ditanje portala.<\/strong><\/p>\n","protected":false},"excerpt":{"rendered":"<p>U ovomo popularnom paketu za cijenu 25 KM dobijete brzinu od 25 Mb\/s download i 3Mb\/s upload. Ovaj paket naj\u010de\u0161\u0107e se koristi za ku\u0107ne korisike bez IPTV program, za gledanje YouTube videa, pozive i \u010ditanje portala.<\/p>\n","protected":false},"author":1,"featured_media":9,"parent":0,"menu_order":0,"comment_status":"closed","ping_status":"closed","template":"","meta":{"footnotes":""},"class_list":["post-50","page","type-page","status-publish","has-post-thumbnail","hentry"],"_links":{"self":[{"href":"https:\/\/gigabit.ba\/index.php?rest_route=\/wp\/v2\/pages\/50","targetHints":{"allow":["GET"]}}],"collection":[{"href":"https:\/\/gigabit.ba\/index.php?rest_route=\/wp\/v2\/pages"}],"about":[{"href":"https:\/\/gigabit.ba\/index.php?rest_route=\/wp\/v2\/types\/page"}],"author":[{"embeddable":true,"href":"https:\/\/gigabit.ba\/index.php?rest_route=\/wp\/v2\/users\/1"}],"replies":[{"embeddable":true,"href":"https:\/\/gigabit.ba\/index.php?rest_route=%2Fwp%2Fv2%2Fcomments&post=50"}],"version-history":[{"count":1,"href":"https:\/\/gigabit.ba\/index.php?rest_route=\/wp\/v2\/pages\/50\/revisions"}],"predecessor-version":[{"id":57,"href":"https:\/\/gigabit.ba\/index.php?rest_route=\/wp\/v2\/pages\/50\/revisions\/57"}],"wp:featuredmedia":[{"embeddable":true,"href":"https:\/\/gigabit.ba\/index.php?rest_route=\/wp\/v2\/media\/9"}],"wp:attachment":[{"href":"https:\/\/gigabit.ba\/index.php?rest_route=%2Fwp%2Fv2%2Fmedia&parent=50"}],"curies":[{"name":"wp","href":"https:\/\/api.w.org\/{rel}","templated":true}]}}